{"id":827,"date":"2019-06-15T13:14:55","date_gmt":"2019-06-15T13:14:55","guid":{"rendered":"http:\/\/alfasaga.nl\/?page_id=827"},"modified":"2019-06-19T19:00:36","modified_gmt":"2019-06-19T19:00:36","slug":"onderzoek-naar-equitherapie","status":"publish","type":"page","link":"https:\/\/alfasaga.nl\/?page_id=827","title":{"rendered":"Onderzoek naar equitherapie"},"content":{"rendered":"<p>Een aantal interessante onderzoeken naar de effectiviteit van equitherapie (in het buitenland ook wel hippotherapie genoemd) op het gebied van:<\/p>\n<p><strong>Cerebrale Parese<\/strong>: <a href=\"https:\/\/www.researchgate.net\/profile\/Zdenek_Svoboda\/publication\/277621318_The_benefit_of_hippotherapy_for_improvement_of_attention_and_memory_in_children_with_cerebral_palsy_A_pilot_study\/links\/5570af0308aee701d61cb7fb.pdf\">The benefit of hippotherapy for improvement of attention and memory in children with cerebral palsy: A pilot study<\/a>. Eva Krej\u010d\u00ed1, Miroslav Janura, Zden\u011bk Svoboda.&nbsp;Acta Gymnica 2015, 45(1): 27-32. DOI:&nbsp;10.5507\/ag.2015.004<\/p>\n<p><a href=\"https:\/\/watermark.silverchair.com\/ptj1151.pdf?token=AQECAHi208BE49Ooan9kkhW_Ercy7Dm3ZL_9Cf3qfKAc485ysgAAAjwwggI4BgkqhkiG9w0BBwagggIpMIICJQIBADCCAh4GCSqGSIb3DQEHATAeBglghkgBZQMEAS4wEQQMdZAHj6PojPt78utwAgEQgIIB71QFBwm9f5dVYWtjBgm9qQMyoXO-zbLzHPpkj1G4mHioaV2ryN2BVhym_SxPKOwdpHIbYFW5JDIKCkr5JrlZsyR0DDipQw8ifm_Us7HMBAOsD5KSbgE9Y55RCcJkyQmmGqlzkaYVr1OHVQJVy2PUwxNxqIFVaxT46CA9ypGrp9kMqe-LzTHrgutknYmYYBlH9qtGW83gI9tjohlJOT-sE4v7YCRC7ZWUywbPDtXbigfvh5rmER3xbuML6diXKqY7dhCOaLrLBL7NTYtM2ka1hVWn_8sPgV-t-iJQBueqDe24iOqBvqz4CxYDcsHeejrC1HHYJjLxvX3lPHPU6C4YLJtv37dAodY92WiSvbSG4yrvabj6WND76eiGKvl3yXLibVADIxfEziATx7RA3gLi2wdngqj7eDRE9ZQliS7hZ4EZoZ853vvnMZvteVnPEeNPWDbR4erAlnAHRVKpEqWj-7umrPvInq4rByOzYjOK_xnjbclC7Y2jw-gJ1l7wJUSDFasE9fItle5RZh_SHgXhU-xIawdsJMZyR0BWMzLiO-fJT49P0D-8qeaukQJg2y9tIwGedTtk1ok--EcM78e3CXeCD7moiiDmwTKi6v1PRxOSZ2fnJ0jO8yHb58FRUIsQuNyhvJsFwHWP3By1vOBBQg\">Therapist-Designed Adaptive Riding in Children With Cerebral Palsy: Results of a Feasibility Study.<\/a> Mattana Angsupaisal, Baudina Visser, Anne Alkema, Marja Meinsma-van der Tuin, Carel G.B. Maathuis, Heleen Reinders-Messelink, Mijna Hadders-Algra.&nbsp;Physical Therapy 2015,&nbsp;95 (8): 1151\u20131162. DOI: 10.2522\/ptj.20140146<\/p>\n<p><strong>Rett syndroom<\/strong>:&nbsp;Rett Syndrome: Hippotherapy intervention. M.R. Elaime &amp; L. Meir in J. Merrick &amp; M. Lotan (2011, eds.). Rett Syndrome: Therapeutic interventions (pp. 247-278). Hauppauge, N.Y.: Nova Science Publishers.<\/p>\n<p><strong>Autisme<\/strong>: <a href=\"http:\/\/old.iss.it\/binary\/neco\/cont\/Borgi_et_al._2015.pdf\">Effectiveness of a Standardized Equine-Assisted Therapy Program for Children with Autism Spectrum Disorder<\/a>.&nbsp;Marta Borgi, Dafne Loliva, Stefania Cerino, Flavia Chiarotti, Aldina Venerosi, Maria Bramini, Enrico Nonnis, Marco Marcelli, et al.&nbsp;Journal of Autism and Developmental Disorders 2015, 45(8): 2283-2650.&nbsp;DOI: 10.1007\/s10803-015-2530-6<\/p>\n<p><strong>Storingen in het bewegingsapparaat zoals Spina Bifida en CP<\/strong>:&nbsp;<a href=\"https:\/\/www.researchgate.net\/publication\/275768939_A_Review_of_Efficacy_of_Hippotherapy_for_the_Treatment_of_Musculoskeletal_Disorders\">A Review of Efficacy of Hippotherapy for the<\/a><br \/>\nTreatment of Musculoskeletal Disorders. Antonios G. Angoules, Dionysios Koukoulas,&nbsp;Konstantinos Balakatounis,&nbsp;<br \/>\nIrene Kapari and Eleni Matsouki. British Journal of Medicine &amp; Medical Research 2015 8(4): 289-297<\/p>\n<p><strong>Dwarslaesie<\/strong>:&nbsp;<a href=\"http:\/\/www.sld.cu\/galerias\/pdf\/sitios\/rehabilitacion-equino\/the_short-term_effect_of_hippotherapy_on_spasticity.pdf\">The short-term effect of hippotherapy on spasticity in patients with spinal cord injury<\/a>. H.E. Lechner, S. Feldhaus, L. Gudmundsen, D. Hegemann, D. Michel, G.A. Z\u00e4ch, H. Knecht. Spinal Cord 2003, Sep 41(9):502-5. DOI: 10.1038\/sj.sc.3101492<\/p>\n<p>&nbsp;<\/p>\n<div class=\"auths\">&nbsp;<\/div>\n","protected":false},"excerpt":{"rendered":"<p>Een aantal interessante onderzoeken naar de effectiviteit van equitherapie (in het buitenland ook wel hippotherapie genoemd) op het gebied van: Cerebrale Parese: The benefit of hippotherapy for improvement of attention and memory in children with cerebral palsy: A pilot study.<\/p>\n","protected":false},"author":1,"featured_media":0,"parent":0,"menu_order":0,"comment_status":"closed","ping_status":"closed","template":"","meta":{"ngg_post_thumbnail":0},"_links":{"self":[{"href":"https:\/\/alfasaga.nl\/index.php?rest_route=\/wp\/v2\/pages\/827"}],"collection":[{"href":"https:\/\/alfasaga.nl\/index.php?rest_route=\/wp\/v2\/pages"}],"about":[{"href":"https:\/\/alfasaga.nl\/index.php?rest_route=\/wp\/v2\/types\/page"}],"author":[{"embeddable":true,"href":"https:\/\/alfasaga.nl\/index.php?rest_route=\/wp\/v2\/users\/1"}],"replies":[{"embeddable":true,"href":"https:\/\/alfasaga.nl\/index.php?rest_route=%2Fwp%2Fv2%2Fcomments&post=827"}],"version-history":[{"count":11,"href":"https:\/\/alfasaga.nl\/index.php?rest_route=\/wp\/v2\/pages\/827\/revisions"}],"predecessor-version":[{"id":842,"href":"https:\/\/alfasaga.nl\/index.php?rest_route=\/wp\/v2\/pages\/827\/revisions\/842"}],"wp:attachment":[{"href":"https:\/\/alfasaga.nl\/index.php?rest_route=%2Fwp%2Fv2%2Fmedia&parent=827"}],"curies":[{"name":"wp","href":"https:\/\/api.w.org\/{rel}","templated":true}]}}